{"id":1616,"date":"2025-04-16T20:09:25","date_gmt":"2025-04-16T19:09:25","guid":{"rendered":"https:\/\/aoskitchen.ch\/?post_type=product&#038;p=1616"},"modified":"2025-05-19T22:09:18","modified_gmt":"2025-05-19T21:09:18","slug":"maha-shrimp-wrap","status":"publish","type":"product","link":"https:\/\/aoskitchen.ch\/fr\/produit\/maha-shrimp-wrap\/","title":{"rendered":"maha Shrimp Wrap"},"content":{"rendered":"<p>Pr\u00e9par\u00e9 avec des crevettes pan\u00e9es, tomate ,avocad, salade, oignons et mayo citron<\/p>","protected":false},"excerpt":{"rendered":"<p>Pr\u00e9par\u00e9 avec des crevettes pan\u00e9es, tomate ,avocad, salade, oignons et mayo citron<\/p>","protected":false},"featured_media":1712,"comment_status":"closed","ping_status":"closed","template":"","meta":[],"product_brand":[],"product_cat":[37],"product_tag":[],"class_list":{"0":"post-1616","1":"product","2":"type-product","3":"status-publish","4":"has-post-thumbnail","6":"product_cat-wraps","8":"first","9":"instock","10":"shipping-taxable","11":"purchasable","12":"product-type-simple"},"_links":{"self":[{"href":"https:\/\/aoskitchen.ch\/fr\/wp-json\/wp\/v2\/product\/1616","targetHints":{"allow":["GET"]}}],"collection":[{"href":"https:\/\/aoskitchen.ch\/fr\/wp-json\/wp\/v2\/product"}],"about":[{"href":"https:\/\/aoskitchen.ch\/fr\/wp-json\/wp\/v2\/types\/product"}],"replies":[{"embeddable":true,"href":"https:\/\/aoskitchen.ch\/fr\/wp-json\/wp\/v2\/comments?post=1616"}],"wp:featuredmedia":[{"embeddable":true,"href":"https:\/\/aoskitchen.ch\/fr\/wp-json\/wp\/v2\/media\/1712"}],"wp:attachment":[{"href":"https:\/\/aoskitchen.ch\/fr\/wp-json\/wp\/v2\/media?parent=1616"}],"wp:term":[{"taxonomy":"product_brand","embeddable":true,"href":"https:\/\/aoskitchen.ch\/fr\/wp-json\/wp\/v2\/product_brand?post=1616"},{"taxonomy":"product_cat","embeddable":true,"href":"https:\/\/aoskitchen.ch\/fr\/wp-json\/wp\/v2\/product_cat?post=1616"},{"taxonomy":"product_tag","embeddable":true,"href":"https:\/\/aoskitchen.ch\/fr\/wp-json\/wp\/v2\/product_tag?post=1616"}],"curies":[{"name":"wp","href":"https:\/\/api.w.org\/{rel}","templated":true}]}}